{"id":903,"date":"2023-10-31T09:50:24","date_gmt":"2023-10-31T09:50:24","guid":{"rendered":"http:\/\/www.construccionscarreras1.com\/politica-de-cookies\/"},"modified":"2023-11-22T15:23:57","modified_gmt":"2023-11-22T15:23:57","slug":"politica-de-cookies","status":"publish","type":"page","link":"https:\/\/www.construccionscarreras1.com\/es\/politica-de-cookies\/","title":{"rendered":"Pol\u00edtica de cookies"},"content":{"rendered":"<p>[et_pb_section fb_built=\u00bb1&#8243; admin_label=\u00bbsection\u00bb _builder_version=\u00bb4.16&#8243; global_colors_info=\u00bb{}\u00bb][et_pb_row admin_label=\u00bbrow\u00bb _builder_version=\u00bb4.16&#8243; background_size=\u00bbinitial\u00bb background_position=\u00bbtop_left\u00bb background_repeat=\u00bbrepeat\u00bb global_colors_info=\u00bb{}\u00bb][et_pb_column type=\u00bb4_4&#8243; _builder_version=\u00bb4.16&#8243; custom_padding=\u00bb|||\u00bb global_colors_info=\u00bb{}\u00bb custom_padding__hover=\u00bb|||\u00bb][et_pb_text admin_label=\u00bbText\u00bb _builder_version=\u00bb4.23&#8243; background_size=\u00bbinitial\u00bb background_position=\u00bbtop_left\u00bb background_repeat=\u00bbrepeat\u00bb hover_enabled=\u00bb0&#8243; global_colors_info=\u00bb{}\u00bb sticky_enabled=\u00bb0&#8243;]<\/p>\n<div class=\"cli_pg_page_contaner\">\n<h1>Pol\u00edtica de cookies<\/h1>\n<h2>Sobre esta pol\u00edtica de cookies.<\/h2>\n<div>Este sitio web utiliza cookies propias y de terceros para ofrecerle una mejor experiencia y servicio. En navegar o hacer servir nuestros servicios, el usuario acepta el uso que hacemos de las cookies. No obstante, el usuario tiene la opci\u00f3n de impedir la generaci\u00f3n de cookies y la eliminaci\u00f3n de las mismas mediante la selecci\u00f3n de la correspondiente. Para obtener m\u00e1s informaci\u00f3n sobre qui\u00e9nes somos, c\u00f3mo puede contactar con nosotros y c\u00f3mo procesamos sus datos personales en nuestra &lt;a href=\u00bb\/politica-privacitat\/\u00bb&gt; Pol\u00edtica de privacidad&lt;\/a&gt;. Vuestro consentimiento se aplica a los dominios siguientes: construccionscarreras1.com<div class=\"wt-cli-element cli_user_consent_state\"><\/div><\/div>\n<h2>\u00bfQu\u00e9 son las cookies?<\/h2>\n<div>Las cookies son peque\u00f1os ficheros de texto que se usan para almacenar peque\u00f1as piezas de informaci\u00f3n. Las cookies se almacenan en vuestro dispositivo cuando se carga el sitio web en vuestro navegador. Estas cookies nos ayudan a que el sitio web funcione correctamente, a hacerlo m\u00e1s seguro, a ofrecer una mejor experiencia de usuario y a entender c\u00f3mo funciona el sitio web y analizar qu\u00e9 funciona y d\u00f3nde mejorar.<\/div>\n<h3>\u00bfC\u00f3mo hacemos servir las cookies?<\/h3>\n<div>Como la mayor\u00eda de los servicios en l\u00ednea, nuestro sitio web utiliza cookies propias y de terceros para varios prop\u00f3sitos. Las cookies propias son b\u00e1sicamente necesarias para que el sitio web funcione correctamente y no recogen ninguno de sus datos de identificaci\u00f3n personal. Las cookies de terceros que se emplean en nuestros sitios web se utilizan principalmente para entender c\u00f3mo funciona el sitio web, c\u00f3mo interact\u00faa con nuestro sitio web, mantener nuestros servicios seguros, ofrecer anuncios que le sean relevantes. Todo ello, sirve para ofrecerle una mejor experiencia de usuario y ayudan a acelerar sus futuras interacciones con nuestro sitio web.<\/div>\n<h2>\u00bfQu\u00e9 tipos de cookies hacemos servir?<\/h2>\n<div>Las cookies utilizadas en nuestro sitio web se agrupan en las siguientes categor\u00edas. <div class=\"wt-cli-element cli_cookie_category_single\"><div class=\"cli_cookie_category_single\"><h5 class=\"cli_cookie_category_single_hd\">Funcionales<\/h5><div class=\"cli_cookie_category_single_description\"><p>Las cookies funcionales ayudan a realizar determinadas funcionalidades, como compartir el contenido del sitio web en plataformas de redes sociales, recopilar comentarios y otras funciones de terceros.\n<\/p><\/div><\/div><div class=\"cli_cookie_category_single\"><h5 class=\"cli_cookie_category_single_hd\">Rendimiento<\/h5><div class=\"cli_cookie_category_single_description\"><p>Las cookies de rendimiento se utilizan para entender y analizar los \u00edndices clave de rendimiento del sitio web, que ayudan a ofrecerle una mejor experiencia de usuario para los visitantes.\n<\/p><\/div><\/div><div class=\"cli_cookie_category_single\"><h5 class=\"cli_cookie_category_single_hd\">Anal\u00edticas<\/h5><div class=\"cli_cookie_category_single_description\"><p>Las cookies anal\u00edticas se utilizan para entender c\u00f3mo interact\u00faan los visitantes con el sitio web. Estas cookies ayudan a proporcionar informaci\u00f3n sobre m\u00e9tricas del n\u00famero de visitantes, porcentaje de rebotes, fuente de tr\u00e1fico, etc.\n<\/p><\/div><\/div><div class=\"cli_cookie_category_single\"><h5 class=\"cli_cookie_category_single_hd\">Publicitarias<\/h5><div class=\"cli_cookie_category_single_description\"><p>Las cookies de publicidad se utilizan para ofrecer a los visitantes anuncios y campa\u00f1as de marketing relevantes. Estas cookies realizan un seguimiento de los visitantes a los sitios web y recogen informaci\u00f3n para ofrecer anuncios personalizados.\n<\/p><\/div><\/div><div class=\"cli_cookie_category_single\"><h5 class=\"cli_cookie_category_single_hd\">Otras<\/h5><div class=\"cli_cookie_category_single_description\"><p>Las dem\u00e1s cookies no categorizadas son aquellas que se est\u00e1n analizando y todav\u00eda no se han clasificado en una categor\u00eda.\n<\/p><\/div><\/div><div class=\"cli_cookie_category_single\"><h5 class=\"cli_cookie_category_single_hd\">Necesarias<\/h5><div class=\"cli_cookie_category_single_description\"><p>Las cookies necesarias son absolutamente esenciales para que el sitio web funcione correctamente. Estas cookies garantizan las funcionalidades b\u00e1sicas y funciones de seguridad del sitio web, de forma an\u00f3nima.\n<\/p><\/div><\/div><\/div>La siguiente lista detalla las cookies usadas en nuestro sitio web.<table class=\"wt-cli-element cookielawinfo-classic cookielawinfo-row-cat-table\"><thead><tr><th scope=\"col\" class=\"cookielawinfo-column-1\">Cookie<\/th><th scope=\"col\" class=\"cookielawinfo-column-4\">Descripci\u00f3n<\/th><\/thead><tbody><\/tbody><\/table><\/div>\n<h2>\u00bfC\u00f3mo puedo controlar las preferencias de las cookies?<\/h2>\n<div>Puede gestionar sus preferencias de cookies haciendo clic en el bot\u00f3n \u00abConfiguraci\u00f3n\u00bb y activando o desactivando las categor\u00edas de cookies en la ventana emergente seg\u00fan sus preferencias. Si decide cambiar sus preferencias m\u00e1s tarde durante su sesi\u00f3n de navegaci\u00f3n, puede hacer clic en la pesta\u00f1a \u00abGestiona el consentimiento\u00bb de su pantalla. Esto volver\u00e1 a mostrar el aviso de consentimiento que le permitir\u00e1 cambiar sus preferencias o retirar el su consentimiento completamente. Adem\u00e1s de esto, distintos navegadores ofrecen distintos m\u00e9todos para bloquear y eliminar las cookies utilizadas por los sitios web. Puede cambiar la configuraci\u00f3n de su navegador para bloquear\/eliminar las cookies. Para obtener m\u00e1s informaci\u00f3n sobre c\u00f3mo gestionar y eliminar las cookies, visite &lt;a href=\u00bbhttps:\/\/wikipedia.org\u00bb&gt;wikipedia.org&lt;\/a&gt;,  &lt;a href=\u00bbhttps:\/\/www.allaboutcookies.org\u00bb&gt;www.allaboutcookies.org&lt;\/a&gt;.<\/div>\n<p>[\/et_pb_text][\/et_pb_column][\/et_pb_row][\/et_pb_section]<\/p>\n","protected":false},"excerpt":{"rendered":"<p>Pol\u00edtica de cookies Sobre esta pol\u00edtica de cookies. Este sitio web utiliza cookies propias y de terceros para ofrecerle una mejor experiencia y servicio. En navegar o hacer servir nuestros servicios, el usuario acepta el uso que hacemos de las cookies. No obstante, el usuario tiene la opci\u00f3n de impedir la generaci\u00f3n de cookies y [&hellip;]<\/p>\n","protected":false},"author":1,"featured_media":0,"parent":0,"menu_order":0,"comment_status":"closed","ping_status":"closed","template":"","meta":{"_et_pb_use_builder":"on","_et_pb_old_content":"","_et_gb_content_width":"","footnotes":""},"dipi_cpt_category":[],"class_list":["post-903","page","type-page","status-publish","hentry"],"_links":{"self":[{"href":"https:\/\/www.construccionscarreras1.com\/es\/wp-json\/wp\/v2\/pages\/903","targetHints":{"allow":["GET"]}}],"collection":[{"href":"https:\/\/www.construccionscarreras1.com\/es\/wp-json\/wp\/v2\/pages"}],"about":[{"href":"https:\/\/www.construccionscarreras1.com\/es\/wp-json\/wp\/v2\/types\/page"}],"author":[{"embeddable":true,"href":"https:\/\/www.construccionscarreras1.com\/es\/wp-json\/wp\/v2\/users\/1"}],"replies":[{"embeddable":true,"href":"https:\/\/www.construccionscarreras1.com\/es\/wp-json\/wp\/v2\/comments?post=903"}],"version-history":[{"count":2,"href":"https:\/\/www.construccionscarreras1.com\/es\/wp-json\/wp\/v2\/pages\/903\/revisions"}],"predecessor-version":[{"id":905,"href":"https:\/\/www.construccionscarreras1.com\/es\/wp-json\/wp\/v2\/pages\/903\/revisions\/905"}],"wp:attachment":[{"href":"https:\/\/www.construccionscarreras1.com\/es\/wp-json\/wp\/v2\/media?parent=903"}],"wp:term":[{"taxonomy":"dipi_cpt_category","embeddable":true,"href":"https:\/\/www.construccionscarreras1.com\/es\/wp-json\/wp\/v2\/dipi_cpt_category?post=903"}],"curies":[{"name":"wp","href":"https:\/\/api.w.org\/{rel}","templated":true}]}}