{"id":894,"date":"2023-10-31T10:27:27","date_gmt":"2023-10-31T10:27:27","guid":{"rendered":"http:\/\/www.construccionscarreras1.com\/aviso-legal\/"},"modified":"2023-11-22T15:08:17","modified_gmt":"2023-11-22T15:08:17","slug":"aviso-legal","status":"publish","type":"page","link":"https:\/\/www.construccionscarreras1.com\/es\/aviso-legal\/","title":{"rendered":"Aviso legal"},"content":{"rendered":"<p>[et_pb_section fb_built=\u00bb1&#8243; admin_label=\u00bbsection\u00bb _builder_version=\u00bb4.16&#8243; global_colors_info=\u00bb{}\u00bb][et_pb_row admin_label=\u00bbrow\u00bb _builder_version=\u00bb4.16&#8243; background_size=\u00bbinitial\u00bb background_position=\u00bbtop_left\u00bb background_repeat=\u00bbrepeat\u00bb global_colors_info=\u00bb{}\u00bb][et_pb_column type=\u00bb4_4&#8243; _builder_version=\u00bb4.16&#8243; custom_padding=\u00bb|||\u00bb global_colors_info=\u00bb{}\u00bb custom_padding__hover=\u00bb|||\u00bb][et_pb_text admin_label=\u00bbText\u00bb _builder_version=\u00bb4.23&#8243; background_size=\u00bbinitial\u00bb background_position=\u00bbtop_left\u00bb background_repeat=\u00bbrepeat\u00bb hover_enabled=\u00bb0&#8243; global_colors_info=\u00bb{}\u00bb sticky_enabled=\u00bb0&#8243;]<\/p>\n<h1>Aviso legal<\/h1>\n<h2>Derechos de la propiedad intelectual e industrial<\/h2>\n<p>Construccions Carreras 1 S.L., es titular de los derechos de propiedad intelectual e industrial de todos los elementos que integran la web, incluyendo la marca, nombre comercial o signo distintivo. En particular y a t\u00edtulo no limitativo, est\u00e1n protegidos por derechos de autor, logotipos, textos, fotograf\u00edas, sonidos y otros elementos contenidos en el sitio web.<\/p>\n<p>En ning\u00fan caso, el acceso o navegaci\u00f3n en la p\u00e1gina web, implica renuncia, transmisi\u00f3n o licencia total o parcial de Construccions Carreras 1 para uso personal al Usuario sobre sus derechos de propiedad intelectual e industrial.<\/p>\n<p>Por eso, el Usuario reconoce que la reproducci\u00f3n, copia, distribuci\u00f3n, comercializaci\u00f3n, transformaci\u00f3n, reutilizaci\u00f3n, comunicaci\u00f3n p\u00fablica y en general, cualquier otra forma de explotaci\u00f3n, por cualquier procedimiento, de todo o parte de los contenidos de la p\u00e1gina web, sin autorizaci\u00f3n expresa y por escrito de Construccions Carreras 1, constituye una infracci\u00f3n de sus derechos de propiedad intelectual y\/o industrial.<\/p>\n<h2>Protecci\u00f3n de datos<\/h2>\n<p>De acuerdo con la normativa vigente en materia de protecci\u00f3n de datos, as\u00ed como en materia de servicios de la sociedad de la informaci\u00f3n y de comercio electr\u00f3nico, el usuario acepta que los datos personales aportados a Construccions Carreras 1 sean incorporados a ficheros, la titularidad de los que pertenece a esta empresa, con el fin de ofrecer los servicios solicitados en cada caso, y que se expliciten en el momento de aportarlos, y para mantenerlos informados por correo electr\u00f3nico u otros medios| medios sobre novedades, productos y servicios relacionados con Construccions Carreras 1. En el caso de comunicaciones comerciales a trav\u00e9s de correo electr\u00f3nico, el usuario presta su consentimiento expreso para el env\u00edo de publicidad a trav\u00e9s de dicho medio.<\/p>\n<p>Asimismo, el usuario presta su consentimiento para que Construccions Carreras 1 ceda sus datos con el \u00fanico fin de mejorar la prestaci\u00f3n de los servicios, respetando la legislaci\u00f3n espa\u00f1ola sobre protecci\u00f3n de los datos de car\u00e1cter personal.<\/p>\n<p>Construccions Carreras 1 se compromete al cumplimiento de su obligaci\u00f3n de secreto de los datos de car\u00e1cter personal y de su deber tratarlos con confidencialidad, asumiendo, a estos efectos, las medidas de \u00edndole t\u00e9cnica, organizativa y de seguridad necesarias para a evitar su alteraci\u00f3n, p\u00e9rdida, tratamiento o acceso no autorizado, de acuerdo con lo que se establece en la Ley Org\u00e1nica 15\/1999 de 13 de diciembre, de Protecci\u00f3n de Datos de Car\u00e1cter Personal, y dem\u00e1s legislaci\u00f3n aplicable.<\/p>\n<p>Cualquier usuario registrado puede ejercitar, en cualquier momento, el derecho a acceder, rectificar y, en su caso, cancelar sus datos de car\u00e1cter personal suministrados, mediante petici\u00f3n escrita dirigida a Construccions Carreras 1.[\/et_pb_text][\/et_pb_column][\/et_pb_row][\/et_pb_section]<\/p>\n","protected":false},"excerpt":{"rendered":"<p>Aviso legal Derechos de la propiedad intelectual e industrial Construccions Carreras 1 S.L., es titular de los derechos de propiedad intelectual e industrial de todos los elementos que integran la web, incluyendo la marca, nombre comercial o signo distintivo. En particular y a t\u00edtulo no limitativo, est\u00e1n protegidos por derechos de autor, logotipos, textos, fotograf\u00edas, [&hellip;]<\/p>\n","protected":false},"author":1,"featured_media":0,"parent":0,"menu_order":0,"comment_status":"closed","ping_status":"closed","template":"","meta":{"_et_pb_use_builder":"on","_et_pb_old_content":"","_et_gb_content_width":"","footnotes":""},"dipi_cpt_category":[],"class_list":["post-894","page","type-page","status-publish","hentry"],"_links":{"self":[{"href":"https:\/\/www.construccionscarreras1.com\/es\/wp-json\/wp\/v2\/pages\/894","targetHints":{"allow":["GET"]}}],"collection":[{"href":"https:\/\/www.construccionscarreras1.com\/es\/wp-json\/wp\/v2\/pages"}],"about":[{"href":"https:\/\/www.construccionscarreras1.com\/es\/wp-json\/wp\/v2\/types\/page"}],"author":[{"embeddable":true,"href":"https:\/\/www.construccionscarreras1.com\/es\/wp-json\/wp\/v2\/users\/1"}],"replies":[{"embeddable":true,"href":"https:\/\/www.construccionscarreras1.com\/es\/wp-json\/wp\/v2\/comments?post=894"}],"version-history":[{"count":2,"href":"https:\/\/www.construccionscarreras1.com\/es\/wp-json\/wp\/v2\/pages\/894\/revisions"}],"predecessor-version":[{"id":896,"href":"https:\/\/www.construccionscarreras1.com\/es\/wp-json\/wp\/v2\/pages\/894\/revisions\/896"}],"wp:attachment":[{"href":"https:\/\/www.construccionscarreras1.com\/es\/wp-json\/wp\/v2\/media?parent=894"}],"wp:term":[{"taxonomy":"dipi_cpt_category","embeddable":true,"href":"https:\/\/www.construccionscarreras1.com\/es\/wp-json\/wp\/v2\/dipi_cpt_category?post=894"}],"curies":[{"name":"wp","href":"https:\/\/api.w.org\/{rel}","templated":true}]}}